{"id":224,"date":"2024-09-25T16:14:29","date_gmt":"2024-09-25T16:14:29","guid":{"rendered":"https:\/\/casino-site-amp24.top\/?page_id=224"},"modified":"2026-03-09T12:31:59","modified_gmt":"2026-03-09T12:31:59","slug":"slottica-casino-%e2%9a%a1-slottica-kz-rasmiy-veb-saytida-bepul-oynang","status":"publish","type":"page","link":"https:\/\/casino-site-amp24.top\/","title":{"rendered":"New88 casino &#8211; Vn"},"content":{"rendered":"","protected":false},"excerpt":{"rendered":"","protected":false},"author":1,"featured_media":0,"parent":0,"menu_order":0,"comment_status":"closed","ping_status":"closed","template":"home.php","meta":{"_acf_changed":false,"inline_featured_image":false,"footnotes":""},"class_list":["post-224","page","type-page","status-publish","hentry"],"acf":[],"yoast_head":"<!-- This site is optimized with the Yoast SEO plugin v26.3 - https:\/\/yoast.com\/wordpress\/plugins\/seo\/ -->\n<title>n\u00eaw88 \u0111\u0103ng nh\u1eadp | V\u00e0xplore c\u00f4ng ty ch\u01a1i game tr\u1ef1c tuy\u1ebfn t\u1ed1t nh\u1ea5t<\/title>\n<meta name=\"description\" content=\"Link n\u00eaw88 l\u00e0 m\u1ed9t n\u1ec1n t\u1ea3ng tr\u1ef1c tuy\u1ebfn h\u00e0ng \u0111\u1ea7u cung c\u1ea5p nhi\u1ec1u l\u1ef1a ch\u1ecdn tr\u00f2 ch\u01a1i s\u00f2ng b\u1ea1c v\u00e0 c\u00e1 c\u01b0\u1ee3c th\u1ec3 thao. Cho d\u00f9 b\u1ea1n \u0111ang t\u00ecm ki\u1ebfm c\u00e1c tr\u00f2 ch\u01a1i s\u00f2ng b\u1ea1c c\u1ed5 \u0111i\u1ec3n vui nh\u1ed9n, s\u00f2ng b\u1ea1c n\u00eaw88 \u0111\u1ec1u c\u00f3 th\u1ee9 g\u00ec \u0111\u00f3 \u0111\u1ec3 cung c\u1ea5p cho t\u1ea5t c\u1ea3 m\u1ecdi ng\u01b0\u1eddi!\" \/>\n<meta name=\"robots\" content=\"index, follow, max-snippet:-1, max-image-preview:large, max-video-preview:-1\" \/>\n<link rel=\"canonical\" href=\"https:\/\/new888.casino-site-amp24.top\/\" \/>\n<meta property=\"og:locale\" content=\"en_US\" \/>\n<meta property=\"og:type\" content=\"article\" \/>\n<meta property=\"og:title\" content=\"n\u00eaw88 \u0111\u0103ng nh\u1eadp | V\u00e0xplore c\u00f4ng ty ch\u01a1i game tr\u1ef1c tuy\u1ebfn t\u1ed1t nh\u1ea5t\" \/>\n<meta property=\"og:description\" content=\"Link n\u00eaw88 l\u00e0 m\u1ed9t n\u1ec1n t\u1ea3ng tr\u1ef1c tuy\u1ebfn h\u00e0ng \u0111\u1ea7u cung c\u1ea5p nhi\u1ec1u l\u1ef1a ch\u1ecdn tr\u00f2 ch\u01a1i s\u00f2ng b\u1ea1c v\u00e0 c\u00e1 c\u01b0\u1ee3c th\u1ec3 thao. Cho d\u00f9 b\u1ea1n \u0111ang t\u00ecm ki\u1ebfm c\u00e1c tr\u00f2 ch\u01a1i s\u00f2ng b\u1ea1c c\u1ed5 \u0111i\u1ec3n vui nh\u1ed9n, s\u00f2ng b\u1ea1c n\u00eaw88 \u0111\u1ec1u c\u00f3 th\u1ee9 g\u00ec \u0111\u00f3 \u0111\u1ec3 cung c\u1ea5p cho t\u1ea5t c\u1ea3 m\u1ecdi ng\u01b0\u1eddi!\" \/>\n<meta property=\"og:url\" content=\"https:\/\/new888.casino-site-amp24.top\/\" \/>\n<meta property=\"og:site_name\" content=\"casino-site-amp24.top\" \/>\n<meta property=\"article:modified_time\" content=\"2026-03-09T12:31:59+00:00\" \/>\n<meta name=\"twitter:card\" content=\"summary_large_image\" \/>\n<script type=\"application\/ld+json\" class=\"yoast-schema-graph\">{\"@context\":\"https:\/\/schema.org\",\"@graph\":[{\"@type\":\"WebPage\",\"@id\":\"https:\/\/casino-site-amp24.top\/\",\"url\":\"https:\/\/new888.casino-site-amp24.top\/\",\"name\":\"n\u00eaw88 \u0111\u0103ng nh\u1eadp | V\u00e0xplore c\u00f4ng ty ch\u01a1i game tr\u1ef1c tuy\u1ebfn t\u1ed1t nh\u1ea5t\",\"isPartOf\":{\"@id\":\"https:\/\/casino-site-amp24.top\/#website\"},\"datePublished\":\"2024-09-25T16:14:29+00:00\",\"dateModified\":\"2026-03-09T12:31:59+00:00\",\"description\":\"Link n\u00eaw88 l\u00e0 m\u1ed9t n\u1ec1n t\u1ea3ng tr\u1ef1c tuy\u1ebfn h\u00e0ng \u0111\u1ea7u cung c\u1ea5p nhi\u1ec1u l\u1ef1a ch\u1ecdn tr\u00f2 ch\u01a1i s\u00f2ng b\u1ea1c v\u00e0 c\u00e1 c\u01b0\u1ee3c th\u1ec3 thao. Cho d\u00f9 b\u1ea1n \u0111ang t\u00ecm ki\u1ebfm c\u00e1c tr\u00f2 ch\u01a1i s\u00f2ng b\u1ea1c c\u1ed5 \u0111i\u1ec3n vui nh\u1ed9n, s\u00f2ng b\u1ea1c n\u00eaw88 \u0111\u1ec1u c\u00f3 th\u1ee9 g\u00ec \u0111\u00f3 \u0111\u1ec3 cung c\u1ea5p cho t\u1ea5t c\u1ea3 m\u1ecdi ng\u01b0\u1eddi!\",\"breadcrumb\":{\"@id\":\"https:\/\/new888.casino-site-amp24.top\/#breadcrumb\"},\"inLanguage\":\"en-US\",\"potentialAction\":[{\"@type\":\"ReadAction\",\"target\":[\"https:\/\/new888.casino-site-amp24.top\/\"]}]},{\"@type\":\"BreadcrumbList\",\"@id\":\"https:\/\/new888.casino-site-amp24.top\/#breadcrumb\",\"itemListElement\":[{\"@type\":\"ListItem\",\"position\":1,\"name\":\"Home\",\"item\":\"https:\/\/casino-site-amp24.top\/\"},{\"@type\":\"ListItem\",\"position\":2,\"name\":\"New88 casino &#8211; Vn\"}]},{\"@type\":\"WebSite\",\"@id\":\"https:\/\/casino-site-amp24.top\/#website\",\"url\":\"https:\/\/casino-site-amp24.top\/\",\"name\":\"casino-site-amp24.top\",\"description\":\"\",\"potentialAction\":[{\"@type\":\"SearchAction\",\"target\":{\"@type\":\"EntryPoint\",\"urlTemplate\":\"https:\/\/casino-site-amp24.top\/?s={search_term_string}\"},\"query-input\":{\"@type\":\"PropertyValueSpecification\",\"valueRequired\":true,\"valueName\":\"search_term_string\"}}],\"inLanguage\":\"en-US\"}]}<\/script>\n<!-- \/ Yoast SEO plugin. -->","yoast_head_json":{"title":"n\u00eaw88 \u0111\u0103ng nh\u1eadp | V\u00e0xplore c\u00f4ng ty ch\u01a1i game tr\u1ef1c tuy\u1ebfn t\u1ed1t nh\u1ea5t","description":"Link n\u00eaw88 l\u00e0 m\u1ed9t n\u1ec1n t\u1ea3ng tr\u1ef1c tuy\u1ebfn h\u00e0ng \u0111\u1ea7u cung c\u1ea5p nhi\u1ec1u l\u1ef1a ch\u1ecdn tr\u00f2 ch\u01a1i s\u00f2ng b\u1ea1c v\u00e0 c\u00e1 c\u01b0\u1ee3c th\u1ec3 thao. Cho d\u00f9 b\u1ea1n \u0111ang t\u00ecm ki\u1ebfm c\u00e1c tr\u00f2 ch\u01a1i s\u00f2ng b\u1ea1c c\u1ed5 \u0111i\u1ec3n vui nh\u1ed9n, s\u00f2ng b\u1ea1c n\u00eaw88 \u0111\u1ec1u c\u00f3 th\u1ee9 g\u00ec \u0111\u00f3 \u0111\u1ec3 cung c\u1ea5p cho t\u1ea5t c\u1ea3 m\u1ecdi ng\u01b0\u1eddi!","robots":{"index":"index","follow":"follow","max-snippet":"max-snippet:-1","max-image-preview":"max-image-preview:large","max-video-preview":"max-video-preview:-1"},"canonical":"https:\/\/new888.casino-site-amp24.top\/","og_locale":"en_US","og_type":"article","og_title":"n\u00eaw88 \u0111\u0103ng nh\u1eadp | V\u00e0xplore c\u00f4ng ty ch\u01a1i game tr\u1ef1c tuy\u1ebfn t\u1ed1t nh\u1ea5t","og_description":"Link n\u00eaw88 l\u00e0 m\u1ed9t n\u1ec1n t\u1ea3ng tr\u1ef1c tuy\u1ebfn h\u00e0ng \u0111\u1ea7u cung c\u1ea5p nhi\u1ec1u l\u1ef1a ch\u1ecdn tr\u00f2 ch\u01a1i s\u00f2ng b\u1ea1c v\u00e0 c\u00e1 c\u01b0\u1ee3c th\u1ec3 thao. Cho d\u00f9 b\u1ea1n \u0111ang t\u00ecm ki\u1ebfm c\u00e1c tr\u00f2 ch\u01a1i s\u00f2ng b\u1ea1c c\u1ed5 \u0111i\u1ec3n vui nh\u1ed9n, s\u00f2ng b\u1ea1c n\u00eaw88 \u0111\u1ec1u c\u00f3 th\u1ee9 g\u00ec \u0111\u00f3 \u0111\u1ec3 cung c\u1ea5p cho t\u1ea5t c\u1ea3 m\u1ecdi ng\u01b0\u1eddi!","og_url":"https:\/\/new888.casino-site-amp24.top\/","og_site_name":"casino-site-amp24.top","article_modified_time":"2026-03-09T12:31:59+00:00","twitter_card":"summary_large_image","schema":{"@context":"https:\/\/schema.org","@graph":[{"@type":"WebPage","@id":"https:\/\/casino-site-amp24.top\/","url":"https:\/\/new888.casino-site-amp24.top\/","name":"n\u00eaw88 \u0111\u0103ng nh\u1eadp | V\u00e0xplore c\u00f4ng ty ch\u01a1i game tr\u1ef1c tuy\u1ebfn t\u1ed1t nh\u1ea5t","isPartOf":{"@id":"https:\/\/casino-site-amp24.top\/#website"},"datePublished":"2024-09-25T16:14:29+00:00","dateModified":"2026-03-09T12:31:59+00:00","description":"Link n\u00eaw88 l\u00e0 m\u1ed9t n\u1ec1n t\u1ea3ng tr\u1ef1c tuy\u1ebfn h\u00e0ng \u0111\u1ea7u cung c\u1ea5p nhi\u1ec1u l\u1ef1a ch\u1ecdn tr\u00f2 ch\u01a1i s\u00f2ng b\u1ea1c v\u00e0 c\u00e1 c\u01b0\u1ee3c th\u1ec3 thao. Cho d\u00f9 b\u1ea1n \u0111ang t\u00ecm ki\u1ebfm c\u00e1c tr\u00f2 ch\u01a1i s\u00f2ng b\u1ea1c c\u1ed5 \u0111i\u1ec3n vui nh\u1ed9n, s\u00f2ng b\u1ea1c n\u00eaw88 \u0111\u1ec1u c\u00f3 th\u1ee9 g\u00ec \u0111\u00f3 \u0111\u1ec3 cung c\u1ea5p cho t\u1ea5t c\u1ea3 m\u1ecdi ng\u01b0\u1eddi!","breadcrumb":{"@id":"https:\/\/new888.casino-site-amp24.top\/#breadcrumb"},"inLanguage":"en-US","potentialAction":[{"@type":"ReadAction","target":["https:\/\/new888.casino-site-amp24.top\/"]}]},{"@type":"BreadcrumbList","@id":"https:\/\/new888.casino-site-amp24.top\/#breadcrumb","itemListElement":[{"@type":"ListItem","position":1,"name":"Home","item":"https:\/\/casino-site-amp24.top\/"},{"@type":"ListItem","position":2,"name":"New88 casino &#8211; Vn"}]},{"@type":"WebSite","@id":"https:\/\/casino-site-amp24.top\/#website","url":"https:\/\/casino-site-amp24.top\/","name":"casino-site-amp24.top","description":"","potentialAction":[{"@type":"SearchAction","target":{"@type":"EntryPoint","urlTemplate":"https:\/\/casino-site-amp24.top\/?s={search_term_string}"},"query-input":{"@type":"PropertyValueSpecification","valueRequired":true,"valueName":"search_term_string"}}],"inLanguage":"en-US"}]}},"amp_enabled":true,"_links":{"self":[{"href":"https:\/\/casino-site-amp24.top\/wp-json\/wp\/v2\/pages\/224","targetHints":{"allow":["GET"]}}],"collection":[{"href":"https:\/\/casino-site-amp24.top\/wp-json\/wp\/v2\/pages"}],"about":[{"href":"https:\/\/casino-site-amp24.top\/wp-json\/wp\/v2\/types\/page"}],"author":[{"embeddable":true,"href":"https:\/\/casino-site-amp24.top\/wp-json\/wp\/v2\/users\/1"}],"replies":[{"embeddable":true,"href":"https:\/\/casino-site-amp24.top\/wp-json\/wp\/v2\/comments?post=224"}],"version-history":[{"count":15,"href":"https:\/\/casino-site-amp24.top\/wp-json\/wp\/v2\/pages\/224\/revisions"}],"predecessor-version":[{"id":394,"href":"https:\/\/casino-site-amp24.top\/wp-json\/wp\/v2\/pages\/224\/revisions\/394"}],"wp:attachment":[{"href":"https:\/\/casino-site-amp24.top\/wp-json\/wp\/v2\/media?parent=224"}],"curies":[{"name":"wp","href":"https:\/\/api.w.org\/{rel}","templated":true}]}}